{"id":16260,"date":"2024-10-24T18:13:51","date_gmt":"2024-10-24T18:13:51","guid":{"rendered":"https:\/\/prelibcom.local\/?page_id=16260"},"modified":"2026-01-30T13:53:41","modified_gmt":"2026-01-30T13:53:41","slug":"clinique-de-depistage-des-itss-a-montreal-saint-laurent-prelib","status":"publish","type":"page","link":"https:\/\/prelib.com\/en\/clinics\/clinique-de-depistage-des-itss-a-montreal-saint-laurent-prelib\/","title":{"rendered":"Clinique de d\u00e9pistage des ITSS \u00e0 Montr\u00e9al, Saint-Laurent &#8211; Prelib"},"content":{"rendered":"","protected":false},"excerpt":{"rendered":"","protected":false},"author":1,"featured_media":0,"parent":567,"menu_order":0,"comment_status":"closed","ping_status":"closed","template":"","meta":{"footnotes":""},"class_list":["post-16260","page","type-page","status-publish","hentry"],"_links":{"self":[{"href":"https:\/\/prelib.com\/en\/wp-json\/wp\/v2\/pages\/16260","targetHints":{"allow":["GET"]}}],"collection":[{"href":"https:\/\/prelib.com\/en\/wp-json\/wp\/v2\/pages"}],"about":[{"href":"https:\/\/prelib.com\/en\/wp-json\/wp\/v2\/types\/page"}],"author":[{"embeddable":true,"href":"https:\/\/prelib.com\/en\/wp-json\/wp\/v2\/users\/1"}],"replies":[{"embeddable":true,"href":"https:\/\/prelib.com\/en\/wp-json\/wp\/v2\/comments?post=16260"}],"version-history":[{"count":0,"href":"https:\/\/prelib.com\/en\/wp-json\/wp\/v2\/pages\/16260\/revisions"}],"up":[{"embeddable":true,"href":"https:\/\/prelib.com\/en\/wp-json\/wp\/v2\/pages\/567"}],"wp:attachment":[{"href":"https:\/\/prelib.com\/en\/wp-json\/wp\/v2\/media?parent=16260"}],"curies":[{"name":"wp","href":"https:\/\/api.w.org\/{rel}","templated":true}]}}