{"id":17147,"date":"2025-07-17T14:24:01","date_gmt":"2025-07-17T14:24:01","guid":{"rendered":"https:\/\/prelibcom.local\/?page_id=17147"},"modified":"2026-01-30T13:41:01","modified_gmt":"2026-01-30T13:41:01","slug":"clinique-de-depistage-des-itss-a-montreal-clinique-lagora-prelib","status":"publish","type":"page","link":"https:\/\/prelib.com\/en\/clinics\/clinique-de-depistage-des-itss-a-montreal-clinique-lagora-prelib\/","title":{"rendered":"Clinique de d\u00e9pistage des ITSS \u00e0 Montr\u00e9al \u2013 Clinique L&rsquo;Agora- Prelib"},"content":{"rendered":"","protected":false},"excerpt":{"rendered":"","protected":false},"author":6,"featured_media":0,"parent":567,"menu_order":0,"comment_status":"closed","ping_status":"closed","template":"","meta":{"footnotes":""},"class_list":["post-17147","page","type-page","status-publish","hentry"],"_links":{"self":[{"href":"https:\/\/prelib.com\/en\/wp-json\/wp\/v2\/pages\/17147","targetHints":{"allow":["GET"]}}],"collection":[{"href":"https:\/\/prelib.com\/en\/wp-json\/wp\/v2\/pages"}],"about":[{"href":"https:\/\/prelib.com\/en\/wp-json\/wp\/v2\/types\/page"}],"author":[{"embeddable":true,"href":"https:\/\/prelib.com\/en\/wp-json\/wp\/v2\/users\/6"}],"replies":[{"embeddable":true,"href":"https:\/\/prelib.com\/en\/wp-json\/wp\/v2\/comments?post=17147"}],"version-history":[{"count":0,"href":"https:\/\/prelib.com\/en\/wp-json\/wp\/v2\/pages\/17147\/revisions"}],"up":[{"embeddable":true,"href":"https:\/\/prelib.com\/en\/wp-json\/wp\/v2\/pages\/567"}],"wp:attachment":[{"href":"https:\/\/prelib.com\/en\/wp-json\/wp\/v2\/media?parent=17147"}],"curies":[{"name":"wp","href":"https:\/\/api.w.org\/{rel}","templated":true}]}}