{"id":17545,"date":"2025-10-10T16:13:18","date_gmt":"2025-10-10T16:13:18","guid":{"rendered":"https:\/\/prelib.com\/?page_id=17545"},"modified":"2026-01-30T13:51:20","modified_gmt":"2026-01-30T13:51:20","slug":"clinique-de-depistage-des-itss-a-st-jerome-prelib","status":"publish","type":"page","link":"https:\/\/prelib.com\/en\/clinics\/clinique-de-depistage-des-itss-a-st-jerome-prelib\/","title":{"rendered":"Clinique de d\u00e9pistage des ITSS \u00e0 St-J\u00e9r\u00f4me &#8211; Prelib"},"content":{"rendered":"","protected":false},"excerpt":{"rendered":"<p>5-15$ avec RAMQ &#8211; Centre de pr\u00e9l\u00e8vement pour le d\u00e9pistage rapide et confidentiel des ITSS, situ\u00e9 \u00e0 St-J\u00e9r\u00f4me.<\/p>","protected":false},"author":12,"featured_media":0,"parent":567,"menu_order":0,"comment_status":"closed","ping_status":"closed","template":"","meta":{"footnotes":""},"class_list":["post-17545","page","type-page","status-publish","hentry"],"_links":{"self":[{"href":"https:\/\/prelib.com\/en\/wp-json\/wp\/v2\/pages\/17545","targetHints":{"allow":["GET"]}}],"collection":[{"href":"https:\/\/prelib.com\/en\/wp-json\/wp\/v2\/pages"}],"about":[{"href":"https:\/\/prelib.com\/en\/wp-json\/wp\/v2\/types\/page"}],"author":[{"embeddable":true,"href":"https:\/\/prelib.com\/en\/wp-json\/wp\/v2\/users\/12"}],"replies":[{"embeddable":true,"href":"https:\/\/prelib.com\/en\/wp-json\/wp\/v2\/comments?post=17545"}],"version-history":[{"count":0,"href":"https:\/\/prelib.com\/en\/wp-json\/wp\/v2\/pages\/17545\/revisions"}],"up":[{"embeddable":true,"href":"https:\/\/prelib.com\/en\/wp-json\/wp\/v2\/pages\/567"}],"wp:attachment":[{"href":"https:\/\/prelib.com\/en\/wp-json\/wp\/v2\/media?parent=17545"}],"curies":[{"name":"wp","href":"https:\/\/api.w.org\/{rel}","templated":true}]}}