{"id":17946,"date":"2026-01-15T14:35:46","date_gmt":"2026-01-15T14:35:46","guid":{"rendered":"https:\/\/prelib.com\/?page_id=17946"},"modified":"2026-03-06T19:53:10","modified_gmt":"2026-03-06T19:53:10","slug":"carrieres","status":"publish","type":"page","link":"https:\/\/prelib.com\/en\/carrieres\/","title":{"rendered":"Travailler chez Prelib"},"content":{"rendered":"","protected":false},"excerpt":{"rendered":"<p>Chez Prelib, on met l\u2019expertise et l\u2019humain au c\u0153ur de la sant\u00e9 sexuelle. Envie de contribuer \u00e0 un impact r\u00e9el? Rejoignez-nous.<\/p>","protected":false},"author":13,"featured_media":17863,"parent":0,"menu_order":0,"comment_status":"closed","ping_status":"closed","template":"","meta":{"footnotes":""},"class_list":["post-17946","page","type-page","status-publish","has-post-thumbnail","hentry"],"_links":{"self":[{"href":"https:\/\/prelib.com\/en\/wp-json\/wp\/v2\/pages\/17946","targetHints":{"allow":["GET"]}}],"collection":[{"href":"https:\/\/prelib.com\/en\/wp-json\/wp\/v2\/pages"}],"about":[{"href":"https:\/\/prelib.com\/en\/wp-json\/wp\/v2\/types\/page"}],"author":[{"embeddable":true,"href":"https:\/\/prelib.com\/en\/wp-json\/wp\/v2\/users\/13"}],"replies":[{"embeddable":true,"href":"https:\/\/prelib.com\/en\/wp-json\/wp\/v2\/comments?post=17946"}],"version-history":[{"count":0,"href":"https:\/\/prelib.com\/en\/wp-json\/wp\/v2\/pages\/17946\/revisions"}],"wp:featuredmedia":[{"embeddable":true,"href":"https:\/\/prelib.com\/en\/wp-json\/wp\/v2\/media\/17863"}],"wp:attachment":[{"href":"https:\/\/prelib.com\/en\/wp-json\/wp\/v2\/media?parent=17946"}],"curies":[{"name":"wp","href":"https:\/\/api.w.org\/{rel}","templated":true}]}}