{"id":192,"date":"2024-09-01T12:43:13","date_gmt":"2024-09-01T12:43:13","guid":{"rendered":"http:\/\/prelib.local\/?page_id=192"},"modified":"2025-01-07T18:22:33","modified_gmt":"2025-01-07T18:22:33","slug":"terms","status":"publish","type":"page","link":"https:\/\/prelib.com\/en\/terms\/","title":{"rendered":"Terms and conditions of use"},"content":{"rendered":"<p><h1>Termes et conditions d&rsquo;utilisation<\/h1><p>\u00a0<\/p><div><span style=\"color: var(--bricks-color-edee47);\">Le Site Web [\u25cf] (ci-apr\u00e8s le \u00ab Site Web \u00bb) appartient \u00e0 Prelib inc. (\u00ab Prelib \u00bb) et a pour objectif d\u2019offrir des informations au sujet de Prelib, son entreprise, ses services et ses produits, ainsi que d\u2019interagir avec ses clients. Le pr\u00e9sent Site Web comprend du texte, des images, des extraits audio et vid\u00e9o, des logiciels, graphiques, interfaces, ou le code et le choix du contenu et sa disposition et d\u2019autres \u00e9l\u00e9ments (collectivement, le \u00ab Contenu \u00bb) fournis par Pr\u00e9lib ou utilis\u00e9s sous licence par celle-ci, le tout \u00e0 des fins d\u2019information uniquement.<\/span><\/div><div>\u00a0<\/div><div>Les pr\u00e9sentes Conditions gouvernent votre utilisation de toutes les fonctionnalit\u00e9s du Site Web, telles que fournies par Pr\u00e9lib. Veuillez prendre le temps de lire attentivement les pr\u00e9sentes Conditions puisqu\u2019elles contiennent des modalit\u00e9s relativement \u00e0 votre utilisation du Contenu, du Site Web ou \u00e0 votre navigation sur celui-ci.<\/div><div>\u00a0<\/div><div>EN ACC\u00c9DANT AU SITE WEB OU EN T\u00c9L\u00c9CHARGEANT DU CONTENU, VOUS ACCEPTEZ D\u2019\u00caTRE LI\u00c9(E), SANS LIMITE NI R\u00c9SERVE, ET \u00caTES R\u00c9PUT\u00c9 AVOIR ACCEPT\u00c9 LES CONDITIONS D\u2019UTILISATION QUI S\u2019Y RATTACHENT (LES \u00ab CONDITIONS \u00bb). SI VOUS N\u2019ACCEPTEZ PAS TOUTES LES MODALIT\u00c9S DE SES CONDITIONS D\u2019UTILISATION, NOUS VOUS DEMANDONS DE CESSER TOUTE NAVIGATION SUR LE SITE WEB ET DE QUITTER IMM\u00c9DIATEMENT CELUI-CI. AUSSI, DANS L\u2019\u00c9VENTUALIT\u00c9 O\u00d9 VOUS NE VOUS CONFORMIEZ PAS AUX PR\u00c9SENTES CONDITIONS, PR\u00c9LIB SE R\u00c9SERVE LE DROIT DE RESTREINDRE VOTRE ACC\u00c8S AU SITE WEB, LE TOUT SANS PR\u00c9AVIS ET SANS PR\u00c9JUDICE \u00c0 TOUT AUTRE DROIT DONT PR\u00c9LIB POURRAIT SE PR\u00c9VALOIR.<\/div><div>\u00a0<\/div><div>\u00a0<\/div><h2 class=\"p1\">1. Utilisation du site<\/h2><div>Le Site Web a pour objectif de faciliter la diffusion d\u2019informations g\u00e9n\u00e9rales \u00e0 l\u2019\u00e9gard des produits et services offerts par Pr\u00e9lib dans le cours normal de son entreprise et d\u2019initier un contact entre Pr\u00e9lib et ses clients. \u00c0 cet \u00e9gard, vous pouvez afficher celui-ci, sous r\u00e9serve de ce qui est d\u00e9crit ci-apr\u00e8s, t\u00e9l\u00e9charger et imprimer sur papier certaines portions de celui-ci.<\/div><div>\u00a0<\/div><div>Les renseignements retrouv\u00e9s sur le Site Web et le Contenu sont donn\u00e9s \u00e0 titre informatif seulement et vous sont fournis tels quels et tels qu\u2019ils sont disponibles. Pr\u00e9lib ne fait aucune d\u00e9claration et ne donne aucune garantie quant \u00e0 l\u2019exactitude ou \u00e0 l\u2019exhaustivit\u00e9 des renseignements qui figurent sur le Site Web ou du Contenu de celui-ci. <b>\u00c0 cet \u00e9gard, tel que plus amplement mentionn\u00e9 \u00e0 l\u2019article 6 ci-apr\u00e8s, vous comprenez que le Contenu du Site Web ne doit en aucune temps remplacer l\u2019opinion d\u2019un professionnel de la sant\u00e9.<\/b><\/div><div>\u00a0<\/div><div>Dans le cadre de votre utilisation du Site Web et du Contenu, vous vous engagez \u00e0 ce qui suit :<\/div><div>\u00a0<\/div><ul><li>ne pas utiliser le Site Web ou le Contenu, ou ne pas permettre ou faciliter son utilisation par toute personne, d\u2019une mani\u00e8re qui constitue ou encourage la commission d\u2019une infraction p\u00e9nale ou civile ou une violation de droits de propri\u00e9t\u00e9 intellectuelle, ou d\u2019une mani\u00e8re qui contrevient \u00e0 une loi ou un r\u00e8glement, notamment une loi r\u00e9gissant la profession m\u00e9dicale, ou entra\u00eene une perturbation des activit\u00e9s de Pr\u00e9lib;<\/li><li>ne pas utiliser le Site Web ou le Contenu, ou ne pas permettre ou faciliter son utilisation par toute personne afin de publier tout Contenu qui, de l\u2019opinion d\u2019une personne raisonnable constitue une atteinte \u00e0 la vie priv\u00e9e d\u2019une personne, une atteinte \u00e0 l\u2019int\u00e9grit\u00e9 physique ou morale d\u2019une personne ou constitue du contenu diffamatoire, abusif, raciste, violent, haineux ou intimidant et \u00e0 ne pas publier sur le Site Web tout Contenu profanant des insultes ethniques ou \u00e0 caract\u00e8re homophobe ou attentatoire \u00e0 toute religion ou croyance spirituelle de m\u00eame que toute attaque \u00e0 une personne ou groupe de personne particulier;<\/li><li>ne pas utiliser le Site Web ou le Contenu, ou ne pas permettre ou faciliter son utilisation par toute personne sans lire et accepter les conditions de tout contrat de licence distinct ou conditions fournis par Pr\u00e9lib, notamment les autres dispositions des pr\u00e9sentes Conditions, incluant l\u2019article 6;<\/li><li>ne pas avoir, envers les employ\u00e9s, fournisseurs, mandataires ou repr\u00e9sentants de Pr\u00e9lib des propos ou des gestes constituant du harc\u00e8lement ou des mauvais traitements, verbaux, \u00e9crits ou autres;<\/li><li>ne pas cr\u00e9er ou ne pas participer \u00e0 la cr\u00e9ation d\u2019un site web reproduisant, en tout ou en partie, le Site Web, le Contenu ou toute marque de commerce de Pr\u00e9lib;<\/li><li>ne pas utiliser le Site Web ou le Contenu, ou ne pas permettre ou faciliter son utilisation par toute personne afin de transmettre toute communication qui, de l\u2019opinion d\u2019une personne raisonnable constitue soit de la publicit\u00e9, une offre commerciale, du pourriel ou quelconque forme de sollicitation;<\/li><li>ne pas utiliser le Site Web ou le Contenu, ou ne pas permettre ou faciliter son utilisation par toute personne afin de publier du Contenu qu\u2019une personne raisonnable pourrait consid\u00e9rer comme \u00e9tant grossier, obsc\u00e8ne, ind\u00e9cent, vulgaire, ou de nature sexuellement suggestive ou heurtant les normes des bonnes m\u0153urs;<\/li><li>ne pas utiliser le Site Web ou le Contenu, ou ne pas permettre ou faciliter son utilisation par toute personne afin de rendre une opinion, un diagnostic ou un conseil m\u00e9dical.<\/li><\/ul><div>Finalement, vous reconnaissez que vous \u00eates seul responsable de garantir que vos syst\u00e8mes sont en mesure d\u2019utiliser le Site Web. IL EST RECOMMAND\u00c9 QUE VOUS UTILISIEZ ET METTIEZ \u00c0 JOUR DES ANTIVIRUS, DES ANTI-LOGICIELS ESPIONS ET DES COUPE-FEU SUR VOS SYST\u00c8MES QUI DONNENT ACC\u00c8S AU SITE.<\/div><div>\u00a0<\/div><div>\u00a0<\/div><div><h2 class=\"p1\">2. Surveillance\u200b<\/h2><\/div><div>Soucieux de vous offrir un contenu de qualit\u00e9 sur le Site Web, Pr\u00e9lib se r\u00e9serve un droit de surveillance sur tout Contenu publi\u00e9 sur celui-ci par vous, le cas \u00e9ch\u00e9ant, afin d\u2019en assurer la conformit\u00e9 avec les pr\u00e9sentes Conditions. Par les pr\u00e9sentes, vous consentez \u00e0 une telle surveillance.<\/div><div>\u00a0<\/div><div>Nonobstant ce qui pr\u00e9c\u00e8de, Pr\u00e9lib ne fait aucune repr\u00e9sentation \u00e0 l\u2019effet que le Site Web sera surveill\u00e9 pour en d\u00e9terminer la conformit\u00e9 avec les pr\u00e9sentes Conditions ou qu\u2019elle posera quelconque geste en cas de m\u00e9sentente relativement \u00e0 la conformit\u00e9 avec les pr\u00e9sentes Conditions.<\/div><div>\u00a0<\/div><div>\u00a0<\/div><div><h2 class=\"p1\">3. T\u00e9moins (\u00ab cookies \u00bb)<\/h2><\/div><div>Les t\u00e9moins sont de petits fichiers texte transf\u00e9r\u00e9s par un serveur Web sur le disque dur de l\u2019utilisateur du Site Web.<\/div><div>\u00a0<\/div><div>Prelib utilise les t\u00e9moins sur ses Sites Web :<\/div><ul><li>pour conserver vos emplacements recherch\u00e9s et vous permettre d\u2019y revenir rapidement la prochaine fois que vous visiterez le Site Web;<\/li><li>afin de permettre de proc\u00e9der avec de la publicit\u00e9 adapt\u00e9e \u00e0 vos derni\u00e8res recherches sur le Site Web;<\/li><\/ul><div>Aucun autre renseignement n\u2019est recueilli lors de l\u2019utilisation de ces fonctions. Il est possible que nous utilisions \u00e9galement les t\u00e9moins pour nous assurer d\u2019offrir \u00e0 l\u2019utilisateur une publicit\u00e9 cibl\u00e9e. Par contre, ces t\u00e9moins ne recueillent aucun renseignement personnel sur la personne qui les utilise.<\/div><div>\u00a0<\/div><div>Vous pouvez configurer votre navigateur pour qu\u2019il accepte les t\u00e9moins, pour qu\u2019il vous informe avant de les accepter ou encore pour qu\u2019il les refuse. Si vous refusez les t\u00e9moins, veuillez noter qu\u2019il se peut que certaines fonctions du Site Web, par exemple l\u2019enregistrement de vos pr\u00e9f\u00e9rences, ne soient pas disponibles.<\/div><div>\u00a0<\/div><div>\u00a0<\/div><div><h2 class=\"p1\">4. Modalit\u00e9s relatives au contenu<\/h2><p>\u00a0<\/p><\/div><h3>4.1 Le Contenu du Site Web n\u2019est pas le reflet de l\u2019opinion de Prelib<\/h3><div>Les opinions, commentaires ou prises de positions contenus dans le Site Web ne repr\u00e9sentent que les opinions ou les prises de positions de leurs auteurs et en aucun temps ne doivent \u00eatre interpr\u00e9t\u00e9es comme \u00e9tant celles de Pr\u00e9lib ou de ses tiers fournisseurs. Vous reconnaissez que Pr\u00e9lib ou ses tiers fournisseurs ne peuvent \u00eatre tenus responsables et cons\u00e9quemment n\u2019ont aucune responsabilit\u00e9 relativement \u00e0 tout Contenu g\u00e9n\u00e9r\u00e9 par un utilisateur du Site Web, incluant notamment, tout Contenu diffamatoire, haineux ou autrement offensif, et ce nonobstant le fait que le contenu viole les pr\u00e9sentes Conditions.<\/div><div>\u00a0<\/div><div>\u00a0<\/div><h3>4.2 Suppression de Contenu non conforme aux pr\u00e9sentes Conditions<\/h3><div>Pr\u00e9lib se r\u00e9serve le droit d\u2019effacer, \u00e0 sa seule discr\u00e9tion, tout Contenu qu\u2019elle juge contraire aux termes ou \u00e0 l\u2019esprit des pr\u00e9sentes Conditions, le tout, sans aucun pr\u00e9avis.<\/div><div>\u00a0<\/div><div>\u00a0<\/div><div><h2 class=\"p1\">5. Comportement des utilisateurs<\/h2><p>\u00a0<\/p><\/div><h3>5.1 Piratage et r\u00e9troing\u00e9nierie<\/h3><div>Vous vous engagez \u00e0 ne pas porter atteinte ou endommager le Site Web. Notamment, vous vous engagez \u00e0 ne pas surcharger, d\u00e9ranger, commettre d\u2019acte de piratage, modifier le code source du Site Web ou proc\u00e9der \u00e0 de la r\u00e9troing\u00e9nierie du Site Web ou de tout autre logiciel associ\u00e9. Au surplus, vous vous engagez \u00e0 ne pas nuire \u00e0 l\u2019utilisation du Site Web par les autres usagers.<\/div><div>\u00a0<\/div><div>\u00a0<\/div><h3>5.2 Acc\u00e8s au Site Web<\/h3><div>Vous vous engagez \u00e0 uniquement acc\u00e9der au Site Web par le biais du protocole http en utilisant un navigateur Internet. Vous vous engagez \u00e0 ne pas tenter d\u2019obtenir l\u2019acc\u00e8s aux serveurs de Pr\u00e9lib par quelconque fa\u00e7on, notamment par l\u2019utilisation du compte d\u2019administrateur. Vous vous engagez \u00e9galement \u00e0 ne pas exposer ou permettre que soit utilis\u00e9 tout Contenu du Site Web qui n\u2019est pas accessible publiquement.<\/div><div>\u00a0<\/div><div>\u00a0<\/div><h3>5.3 Utilisation personnelle seulement<\/h3><div>L\u2019utilisation et la navigation sur notre Site Web est uniquement pour votre usage personnel. Il vous est strictement interdit de pr\u00e9tendre \u00eatre un tiers en utilisant, en cr\u00e9ant un compte ou en naviguant sur notre Site Web. Vous vous engagez \u00e0 ne pas ouvrir plus d\u2019un compte sur le Site Web.<\/div><div>\u00a0<\/div><div>\u00a0<\/div><h3>5.4 Collection d\u2019informations<\/h3><div>Vous vous engagez \u00e0 ne pas utiliser de proc\u00e9d\u00e9s, logiciels ou autres moyens ou proc\u00e9d\u00e9s automatis\u00e9s ou manuels afin, notamment, d\u2019acc\u00e9der, de collecter des informations, de parcourir ou encore de balayer le Site Web.<\/div><div>\u00a0<\/div><div>\u00a0<\/div><h3>5.5 Utilisation du Site Web dans un but autoris\u00e9 seulement<\/h3><div>Vous vous engagez \u00e0 ne pas utiliser le Site Web dans un autre but, commercial ou autre, non express\u00e9ment autoris\u00e9 par les pr\u00e9sentes Conditions.<\/div><div>\u00a0<\/div><div>\u00a0<\/div><div><h2>6. Renseignements<\/h2><\/div><div>LES RENSEIGNEMENTS PR\u00c9SENT\u00c9S SUR LE SITE WEB VOUS SONT FOURNIS \u00c0 TITRE INDICATIFS SEULEMENT ET NE PEUVENT EN AUCUN TEMPS REMPLACER LES CONSEILS, LE DIAGNOSTIC OU L\u2019OPINION D\u2019UN M\u00c9DECIN, D\u2019UN PHARMACIEN OU DE TOUT AUTRE PROFESSIONNEL DE LA SANT\u00c9. VOUS NE DEVRIEZ EN AUCUN CAS IGNORER LES CONSEILS D\u2019UN PROFESSIONNEL DE LA SANT\u00c9 OU RETARDER LE MOMENT D\u2019OBTENIR DE TELS CONSEILS EN RAISON DE CONTENU QUE VOUS AURIEZ PU LIRE SUR LE SITE WEB.<\/div><div>\u00a0<\/div><div>\u00a0<\/div><div>CES RENSEIGNEMENTS NE DOIVENT PAS \u00caTRE UTILIS\u00c9S POUR S\u2019AUTO-PRESCRIRE DES PRODUITS, POUR PR\u00c9VENIR, GU\u00c9RIR OU TRAITER UNE MALADIE, UN TROUBLE, UNE CONDITION PHYSIQUE OU UNE CONDITION M\u00c9DICALE.<\/div><div>\u00a0<\/div><div>\u00a0<\/div><div>SI VOUS VOUS TROUVIEZ DANS UNE SITUATION D\u2019URGENCE M\u00c9DICALE OU SI DES R\u00c9SULTATS VOUS SONT COMMUNIQU\u00c9S PAR LE BIAIS DU SITE WEB ET VOUS INDIQUENT DE COMMUNIQUER AVEC UN PROFESSIONNEL DE LA SANT\u00c9, ALORS VOUS DEVRIEZ COMMUNIQUER IMM\u00c9DIATEMENT AVEC UN PROFESSIONNEL DE LA SANT\u00c9, UN FOURNISSEUR DE SOINS DE SANT\u00c9 D\u00dbMENT QUALIFI\u00c9 OU UN SERVICE D\u2019URGENCE M\u00c9DICALE LOCAL.<\/div><div>\u00a0<\/div><div>\u00a0<\/div><div>SI VOUS VOUS FIEZ AUX RENSEIGNEMENTS FOURNIS SUR LE SITE WEB, VOUS LE FAITES \u00c0 VOS PROPRES RISQUES ET P\u00c9RILS. VOUS NE DEVRIEZ EN AUCUN CAS TENTER DE VOUS AUTO-TRAITER EN FONCTION DE QUELQUE CONTENU QUE CE SOIT VU OU LU SUR LE SITE WEB. SANS RESTREINDRE LA PORT\u00c9E G\u00c9N\u00c9RALE DE CE QUI PR\u00c9C\u00c8DE, PR\u00c9LIB NE SAURAIT \u00caTRE TENUE RESPONSABLE DE TOUTE BLESSURE, VOIRE D\u2019UN D\u00c9C\u00c8S, CAUS\u00c9 PAR L\u2019UTILISATION, OU LE MAUVAIS USAGE, DU SITE WEB OU DE TOUT CONTENU S\u2019Y RETROUVANT PAR VOUS. \u00c0 CET EFFET, LES SERVICES RENDUS PAR PR\u00c9LIB PAR L\u2019ENTREMISE DU SITE WEB SE VEULENT UN OUTIL DE D\u00c9PISTAGE, QUI PAR SA NATURE, S\u2019ADRESSE \u00c0 DES PERSONNES CLINIQUEMENT ASYMPTOMATIQUE.<\/div><div>\u00a0<\/div><div>\u00a0<\/div><div><h2 class=\"p1\">7. Propri\u00e9t\u00e9 intellectuelle<\/h2><p>\u00a0<\/p><\/div><h3>7.1 Concession de licence en faveur de Pr\u00e9lib<\/h3><div>En soumettant du Contenu sur le Site Web, vous nous accordez une licence illimit\u00e9e, perp\u00e9tuelle, transf\u00e9rable et non exclusive sur le Contenu ainsi publi\u00e9 sur le Site Web. Vous nous permettez de l\u2019afficher sur le Site Web. Le Contenu peut \u00eatre reproduit, r\u00e9utilis\u00e9, rediffus\u00e9 ou modifi\u00e9 de quelque mani\u00e8re ou sous quelque forme que ce soit, sans votre consentement pr\u00e9alable.<\/div><div>\u00a0<\/div><div>\u00a0<\/div><h3>7.2 Octroi de licence par Prelib<\/h3><div>En raison de votre navigation sur le Site Web, nous vous accordons une licence limit\u00e9e et non exclusive sur le Contenu, vous permettant de l\u2019afficher, de l\u2019imprimer, pour vos fins personnelles et non commerciales, ainsi que de le partager sur les diff\u00e9rents r\u00e9seaux sociaux, sous r\u00e9serve de votre engagement \u00e0 ne pas modifier le Contenu de quelque fa\u00e7on que ce soit.\u00a0<\/div><div>\u00a0<\/div><div>Toute autre utilisation du Contenu est interdite, notamment une utilisation contraire \u00e0 ce qui est pr\u00e9vu \u00e0 l\u2019article 6 ci-devant. Le Contenu ne peut \u00eatre reproduit, r\u00e9utilis\u00e9, rediffus\u00e9 de quelque mani\u00e8re ou sous quelque forme que ce soit autrement que celles permises en vertu des pr\u00e9sentes Conditions sans le consentement pr\u00e9alable \u00e9crit de Pr\u00e9lib.<\/div><div>\u00a0<\/div><div>\u00a0<\/div><h3>7.3 Marques de commerce<\/h3><div>Tout le Contenu du Site Web appartient \u00e0 Pr\u00e9lib ou appartient au titulaire identifi\u00e9 par cette derni\u00e8re, et est prot\u00e9g\u00e9 par les lois applicables, notamment les lois sur le droit d\u2019auteur. Il vous est strictement interdit de le copier, le reproduire, le publier, le rediffuser, le transmettre ou l\u2019utiliser d\u2019une quelconque mani\u00e8re sans notre consentement \u00e9crit pr\u00e9alable, autrement qu\u2019en conformit\u00e9 avec les pr\u00e9sentes Conditions.<\/div><div>\u00a0<\/div><div>\u00a0<\/div><div>De plus, toutes les marques de commerce, enregistr\u00e9es ou non, et tous les noms commerciaux contenus sur le pr\u00e9sent Site Web appartiennent \u00e0 Pr\u00e9lib ou au titulaire ayant valablement consenti une licence d\u2019utilisation.<\/div><div>\u00a0<\/div><div>\u00a0<\/div><div><h2 class=\"p1\">8. Sites web de tierces parties<\/h2><p>\u00a0<\/p><\/div><h3>8.1 Conditions d\u2019utilisation et politique de protection des renseignements personnels<\/h3><div>Vous reconnaissez que le Site Web peut faire l\u2019utilisation de sites Web de tierces parties, notamment Facebook, Twitter et Instagram. Ces sites Web sont r\u00e9gis par leurs propres conditions d\u2019utilisation, lesquelles n\u2019ont pas pour effet de remplacer ou d\u2019annuler les pr\u00e9sentes Conditions.<\/div><div>\u00a0<\/div><div>\u00a0<\/div><div>Vous trouverez les conditions d\u2019utilisation et les politiques de protection des renseignements personnels aux adresses suivantes :<\/div><ul><li>Facebook<ul><li>https:\/\/www.facebook.com\/policies\/?ref=pf<\/li><li>https:\/\/www.facebook.com\/about\/privacy\/<\/li><\/ul><\/li><li>Twitter<ul><li>https:\/\/twitter.com\/tos https:\/\/twitter.com\/privacy<\/li><\/ul><\/li><li>Instagram<ul><li>https:\/\/help.instagram.com\/581066165581870<\/li><li>https:\/\/help.instagram.com\/519522125107875<\/li><\/ul><\/li><\/ul><div>\u00a0<\/div><div>Vous reconnaissez que Prelib n\u2019a pas pris connaissance de ces politiques et ne peut fournir quelconques recommandations ou avis eut \u00e9gard \u00e0 leur contenu.<\/div><div>\u00a0<\/div><div>\u00a0<\/div><h3>8.2 Liens<\/h3><div>Notre Site Web pourrait contenir des liens vers d\u2019autres sites Web dont des tiers sont propri\u00e9taires. \u00c0 cet \u00e9gard, vous reconnaissez que Pr\u00e9lib n\u2019exerce aucun contr\u00f4le sur ces sites Web et vous reconnaissez qu\u2019elle n\u2019a pas pris connaissance de tout le contenu disponible sur les sites Web, lesquels font l\u2019objet de liens dans le Contenu du Site Web. Par cons\u00e9quent, Pr\u00e9lib se d\u00e9gage de toute responsabilit\u00e9 relativement \u00e0 tout contenu de site Web sur lequel elle n\u2019exerce aucun contr\u00f4le. En acc\u00e9dant \u00e0 un site Web par le biais d\u2019un lien dans le Contenu du Site Web, vous agissez \u00e0 vos risques et p\u00e9rils.<\/div><div>\u00a0<\/div><div>\u00a0<\/div><div>Finalement, vous reconnaissez que l\u2019inclusion de tels liens ne signifie absolument pas que Pr\u00e9lib commandite les marques de commerce, noms commerciaux, marques de service, dessins, logos, symboles ou autres \u00e9l\u00e9ments prot\u00e9g\u00e9s par droit d\u2019auteur affich\u00e9s sur ceux-ci, que Pr\u00e9lib y est affili\u00e9 ou associ\u00e9 ou que Pr\u00e9lib est l\u00e9galement autoris\u00e9 \u00e0 en faire usage.<\/div><div>\u00a0<\/div><div>\u00a0<\/div><div><h2 class=\"p1\">9. Indemnisation<\/h2><\/div><div>Dans les limites permises par la loi, advenant toute r\u00e9clamation d\u2019un tiers \u00e0 l\u2019endroit de Pr\u00e9lib ou de ses repr\u00e9sentants ou mandataires en lien, directement ou indirectement, avec la violation des pr\u00e9sentes Conditions par vous, vous vous engagez \u00e0 prendre faits et cause pour Pr\u00e9lib et \u00e0 la tenir quitte et indemne de toute perte en lien avec de telles r\u00e9clamations, incluant les frais juridiques.<\/div><div>\u00a0<\/div><div>\u00a0<\/div><h2 class=\"p1\">10. Exclusion de garanties et limitation de responsabilit\u00e9<\/h2><div>PR\u00c9LIB TENTE DE FOURNIR LE SITE WEB DANS UN CADRE S\u00c9CURIS\u00c9 ET DANS UN ENVIRONNEMENT SANS D\u00c9FAUT. N\u00c9ANMOINS, VOUS CONVENEZ QUE VOTRE UTILISATION DU SITE WEB ET VOS ACTES OU OMISSIONS BAS\u00c9S SUR L\u2019INFORMATION FOURNIE SUR LE SITE WEB SONT \u00c0 VOS PROPRES RISQUES. PR\u00c9LIB FOURNIT LE SITE WEB \u00ab TEL QUEL \u00bb, SANS GARANTIES EXPR\u00c8S OU IMPLICITES, Y COMPRIS LES GARANTIES IMPLICITES D\u2019EXACTITUDE DES INFORMATIONS. IL N\u2019Y A, \u00c9GALEMENT AUCUNE GARANTIE QUE LE SITE WEB EST EXEMPT D\u2019ERREURS OU QUE LE CELUI-CI FONCTIONNERA TOUJOURS SANS INTERRUPTION, RETARD OU IMPERFECTION. DANS LES LIMITES PERMISES PAR LA LOI, PR\u00c9LIB, N\u2019ASSUME AUCUNE RESPONSABILIT\u00c9 ENVERS VOUS OU TOUTE AUTRE PERSONNE RELATIVEMENT AUX PERTES ET AUX DOMMAGES QUELS QU\u2019ILS SOIENT, Y COMPRIS LES DOMMAGES SP\u00c9CIAUX OU INDIRECTS, QUE VOUS POURRIEZ SUBIR, DIRECTEMENT OU INDIRECTEMENT, EN RAISON DE L\u2019UTILISATION OU DU FONCTIONNEMENT DU PR\u00c9SENT SITE WEB, DES RENSEIGNEMENTS QUI Y FIGURENT, VOS ACTES OU OMISSIONS BAS\u00c9S SUR LES RENSEIGNEMENTS FOURNIS SUR LE SITE WEB OU DU CONTENU DE CELUI-CI OU DE TOUT AUTRE SITE WEB AUQUEL VOUS POURRIEZ ACC\u00c9DER PAR L\u2019ENTREMISE DU PR\u00c9SENT SITE WEB.<\/div><div>\u00a0<\/div><div>\u00a0<\/div><div><h2 class=\"p1\">11. Dispositions g\u00e9n\u00e9rales<\/h2><p>\u00a0<\/p><\/div><h3>11.1 D\u00e9faut<\/h3><div>Le d\u00e9faut ou retard par Pr\u00e9lib d\u2019exercer un droit, recours ou privil\u00e8ge en vertu des pr\u00e9sentes Conditions ne comportera pas une renonciation \u00e0 tel droit, recours ou privil\u00e8ge. De m\u00eame, Pr\u00e9lib n\u2019est aucunement forclose d\u2019exercer ult\u00e9rieurement un droit, recours ou privil\u00e8ge qu\u2019elle n\u2019aurait pas ant\u00e9rieurement exerc\u00e9, en tout ou en partie.<\/div><div>\u00a0<\/div><div>\u00a0<\/div><h3>11.2 Droit applicable<\/h3><div>Ces Conditions, leur interpr\u00e9tation, leur ex\u00e9cution, leur application, leur validit\u00e9 et leurs effets sont assujettis aux lois qui sont en vigueur dans la province de Qu\u00e9bec ainsi qu\u2019aux lois en vigueur au Canada s\u2019appliquant dans la province de Qu\u00e9bec r\u00e9gissant en partie ou en totalit\u00e9 l\u2019ensemble des dispositions qu\u2019elles contiennent. Dans les limites permises par la loi, toute r\u00e9clamation, directement ou indirectement, en vertu des pr\u00e9sentes seront soumises \u00e0 la comp\u00e9tence exclusive des tribunaux du Qu\u00e9bec, \u00e0 l\u2019exclusion des tribunaux de toute autre juridiction.<\/div><div>\u00a0<\/div><h3>11.3 Modification<\/h3><div>Pr\u00e9lib se r\u00e9serve le droit, \u00e0 sa seule discr\u00e9tion, de modifier en tout temps et sans pr\u00e9avis le Site Web, le Contenu et les pr\u00e9sentes Conditions. D\u00e8s lors que des modifications seront effectu\u00e9es aux Conditions, Pr\u00e9lib s\u2019engage \u00e0 modifier la date de derni\u00e8re mise \u00e0 jour figurant ci-haut. En continuant de naviguer sur le Site Web, vous acceptez d\u2019\u00eatre li\u00e9 par les pr\u00e9sentes Conditions, incluant toute modification y ayant \u00e9t\u00e9 apport\u00e9e. Dans le cas contraire, votre seul recours est de cesser d\u2019utiliser le Site Web.<\/div><div>\u00a0<\/div><\/p>","protected":false},"excerpt":{"rendered":"<p>Termes et conditions d&rsquo;utilisation \u00a0 Le Site Web [\u25cf] (ci-apr\u00e8s le \u00ab Site Web \u00bb) appartient \u00e0 Prelib inc. (\u00ab Prelib \u00bb) et a pour objectif d\u2019offrir des informations au sujet de Prelib, son entreprise, ses services et ses produits, ainsi que d\u2019interagir avec ses clients. Le pr\u00e9sent Site Web comprend du texte, des images, [&hellip;]<\/p>","protected":false},"author":1,"featured_media":0,"parent":0,"menu_order":0,"comment_status":"closed","ping_status":"closed","template":"","meta":{"footnotes":""},"class_list":["post-192","page","type-page","status-publish","hentry"],"_links":{"self":[{"href":"https:\/\/prelib.com\/en\/wp-json\/wp\/v2\/pages\/192","targetHints":{"allow":["GET"]}}],"collection":[{"href":"https:\/\/prelib.com\/en\/wp-json\/wp\/v2\/pages"}],"about":[{"href":"https:\/\/prelib.com\/en\/wp-json\/wp\/v2\/types\/page"}],"author":[{"embeddable":true,"href":"https:\/\/prelib.com\/en\/wp-json\/wp\/v2\/users\/1"}],"replies":[{"embeddable":true,"href":"https:\/\/prelib.com\/en\/wp-json\/wp\/v2\/comments?post=192"}],"version-history":[{"count":0,"href":"https:\/\/prelib.com\/en\/wp-json\/wp\/v2\/pages\/192\/revisions"}],"wp:attachment":[{"href":"https:\/\/prelib.com\/en\/wp-json\/wp\/v2\/media?parent=192"}],"curies":[{"name":"wp","href":"https:\/\/api.w.org\/{rel}","templated":true}]}}